{"id":819,"date":"2025-02-19T09:50:17","date_gmt":"2025-02-19T09:50:17","guid":{"rendered":"https:\/\/www.drmurattuzuner.com\/iletisim\/"},"modified":"2025-09-04T09:33:53","modified_gmt":"2025-09-04T09:33:53","slug":"iletisim","status":"publish","type":"page","link":"https:\/\/www.drmurattuzuner.com\/tr\/iletisim\/","title":{"rendered":"\u0130leti\u015fim"},"content":{"rendered":"\t\t<div data-elementor-type=\"wp-page\" data-elementor-id=\"819\" class=\"elementor elementor-819 elementor-408\" data-elementor-settings=\"{&quot;element_pack_global_tooltip_width&quot;:{&quot;unit&quot;:&quot;px&quot;,&quot;size&quot;:&quot;&quot;,&quot;sizes&quot;:[]},&quot;element_pack_global_tooltip_width_tablet&quot;:{&quot;unit&quot;:&quot;px&quot;,&quot;size&quot;:&quot;&quot;,&quot;sizes&quot;:[]},&quot;element_pack_global_tooltip_width_mobile&quot;:{&quot;unit&quot;:&quot;px&quot;,&quot;size&quot;:&quot;&quot;,&quot;sizes&quot;:[]},&quot;element_pack_global_tooltip_padding&quot;:{&quot;unit&quot;:&quot;px&quot;,&quot;top&quot;:&quot;&quot;,&quot;right&quot;:&quot;&quot;,&quot;bottom&quot;:&quot;&quot;,&quot;left&quot;:&quot;&quot;,&quot;isLinked&quot;:true},&quot;element_pack_global_tooltip_padding_tablet&quot;:{&quot;unit&quot;:&quot;px&quot;,&quot;top&quot;:&quot;&quot;,&quot;right&quot;:&quot;&quot;,&quot;bottom&quot;:&quot;&quot;,&quot;left&quot;:&quot;&quot;,&quot;isLinked&quot;:true},&quot;element_pack_global_tooltip_padding_mobile&quot;:{&quot;unit&quot;:&quot;px&quot;,&quot;top&quot;:&quot;&quot;,&quot;right&quot;:&quot;&quot;,&quot;bottom&quot;:&quot;&quot;,&quot;left&quot;:&quot;&quot;,&quot;isLinked&quot;:true},&quot;element_pack_global_tooltip_border_radius&quot;:{&quot;unit&quot;:&quot;px&quot;,&quot;top&quot;:&quot;&quot;,&quot;right&quot;:&quot;&quot;,&quot;bottom&quot;:&quot;&quot;,&quot;left&quot;:&quot;&quot;,&quot;isLinked&quot;:true},&quot;element_pack_global_tooltip_border_radius_tablet&quot;:{&quot;unit&quot;:&quot;px&quot;,&quot;top&quot;:&quot;&quot;,&quot;right&quot;:&quot;&quot;,&quot;bottom&quot;:&quot;&quot;,&quot;left&quot;:&quot;&quot;,&quot;isLinked&quot;:true},&quot;element_pack_global_tooltip_border_radius_mobile&quot;:{&quot;unit&quot;:&quot;px&quot;,&quot;top&quot;:&quot;&quot;,&quot;right&quot;:&quot;&quot;,&quot;bottom&quot;:&quot;&quot;,&quot;left&quot;:&quot;&quot;,&quot;isLinked&quot;:true}}\">\n\t\t\t\t<div class=\"elementor-element elementor-element-43c0a459 e-flex e-con-boxed e-con e-parent\" data-id=\"43c0a459\" data-element_type=\"container\">\n\t\t\t\t\t<div class=\"e-con-inner\">\n\t\t<div class=\"elementor-element elementor-element-30fabfdd e-con-full e-flex e-con e-child\" data-id=\"30fabfdd\" data-element_type=\"container\">\n\t\t\t\t<div class=\"elementor-element elementor-element-785d8444 elementor-widget__width-initial animated-fast elementor-invisible elementor-widget elementor-widget-heading\" data-id=\"785d8444\" data-element_type=\"widget\" data-settings=\"{&quot;_animation&quot;:&quot;fadeInUp&quot;,&quot;_animation_delay&quot;:250}\" data-widget_type=\"heading.default\">\n\t\t\t\t<div class=\"elementor-widget-container\">\n\t\t\t\t\t<h1 class=\"elementor-heading-title elementor-size-default\">Bize Ula\u015f\u0131n<\/h1>\t\t\t\t<\/div>\n\t\t\t\t<\/div>\n\t\t\t\t<div class=\"elementor-element elementor-element-57c2802a elementor-widget__width-initial animated-fast elementor-invisible elementor-widget elementor-widget-text-editor\" data-id=\"57c2802a\" data-element_type=\"widget\" data-settings=\"{&quot;_animation&quot;:&quot;fadeInUp&quot;,&quot;_animation_delay&quot;:500}\" data-widget_type=\"text-editor.default\">\n\t\t\t\t<div class=\"elementor-widget-container\">\n\t\t\t\t\t\t\t\t\t<p>Kendimizi, ki\u015fiselle\u015ftirilmi\u015f bir yakla\u015f\u0131mla d\u00fcnya standartlar\u0131nda estetik tedaviler sunmaya adad\u0131k. \u0130ster hayat\u0131n\u0131z\u0131 de\u011fi\u015ftirecek bir d\u00f6n\u00fc\u015f\u00fcm ister k\u00fc\u00e7\u00fck iyile\u015ftirmeler ar\u0131yor olun, yolculu\u011funuzun her ad\u0131m\u0131nda size rehberlik etmek i\u00e7in buraday\u0131z. Bug\u00fcn bir kons\u00fcltasyon rezervasyonu yapt\u0131r\u0131n ve hayalinizdeki g\u00f6r\u00fcn\u00fcme do\u011fru ilk ad\u0131m\u0131 at\u0131n!<\/p>\t\t\t\t\t\t\t\t<\/div>\n\t\t\t\t<\/div>\n\t\t\t\t<div class=\"elementor-element elementor-element-4dd571b5 elementor-widget__width-initial animated-fast elementor-invisible elementor-widget elementor-widget-text-editor\" data-id=\"4dd571b5\" data-element_type=\"widget\" data-settings=\"{&quot;_animation&quot;:&quot;fadeInUp&quot;,&quot;_animation_delay&quot;:750}\" data-widget_type=\"text-editor.default\">\n\t\t\t\t<div class=\"elementor-widget-container\">\n\t\t\t\t\t\t\t\t\t<p>Bug\u00fcn Bize Ula\u015f\u0131n<\/p>\t\t\t\t\t\t\t\t<\/div>\n\t\t\t\t<\/div>\n\t\t\t\t<div class=\"elementor-element elementor-element-176e0d74 elementor-tablet-align-center elementor-mobile-align-left animated-fast ui-e-icon-left ui-e-left elementor-align-left elementor-invisible elementor-widget elementor-widget-uicore-icon-list\" data-id=\"176e0d74\" data-element_type=\"widget\" data-settings=\"{&quot;_animation&quot;:&quot;fadeInUp&quot;,&quot;_animation_delay&quot;:1000}\" data-widget_type=\"uicore-icon-list.default\">\n\t\t\t\t<div class=\"elementor-widget-container\">\n\t\t\t\t\t        <ul>\n                            <li >\n\n                    <div class=\"ui-e-wrap\">\n                    \n                    \n                    <div class=\"ui-e-content\">\n                        <span class=\"ui-e-title\">\n                            +90 532 729 87 70                        <\/span>\n                        <p class=\"ui-e-text\">  <\/p>\n                    <\/div>\n\n                                            <div class=\"ui-e-icon\">\n                            <svg aria-hidden=\"true\" class=\"e-font-icon-svg e-fas-phone\" viewBox=\"0 0 512 512\" xmlns=\"http:\/\/www.w3.org\/2000\/svg\"><path d=\"M493.4 24.6l-104-24c-11.3-2.6-22.9 3.3-27.5 13.9l-48 112c-4.2 9.8-1.4 21.3 6.9 28l60.6 49.6c-36 76.7-98.9 140.5-177.2 177.2l-49.6-60.6c-6.8-8.3-18.2-11.1-28-6.9l-112 48C3.9 366.5-2 378.1.6 389.4l24 104C27.1 504.2 36.7 512 48 512c256.1 0 464-207.5 464-464 0-11.2-7.7-20.9-18.6-23.4z\"><\/path><\/svg>                        <\/div>\n                    \n                    <\/div>\n                <\/li>\n                            <li >\n\n                    <div class=\"ui-e-wrap\">\n                    \n                    \n                    <div class=\"ui-e-content\">\n                        <span class=\"ui-e-title\">\n                            info@drmurattuzuner.com                        <\/span>\n                        <p class=\"ui-e-text\">  <\/p>\n                    <\/div>\n\n                                            <div class=\"ui-e-icon\">\n                            <i aria-hidden=\"true\" class=\"ti ti-email\"><\/i>                        <\/div>\n                    \n                    <\/div>\n                <\/li>\n                            <li >\n\n                    <div class=\"ui-e-wrap\">\n                    \n                    \n                    <div class=\"ui-e-content\">\n                        <span class=\"ui-e-title\">\n                            Fener, Fener Cd. Fener i\u015f merkezi B1 Blok Kat1 D:5, 07160 Muratpa\u015fa\/Antalya                        <\/span>\n                        <p class=\"ui-e-text\">  <\/p>\n                    <\/div>\n\n                                            <div class=\"ui-e-icon\">\n                            <i aria-hidden=\"true\" class=\"ti ti-location-pin\"><\/i>                        <\/div>\n                    \n                    <\/div>\n                <\/li>\n                    <\/ul>\n\t\t\t\t<\/div>\n\t\t\t\t<\/div>\n\t\t\t\t<\/div>\n\t\t<div class=\"elementor-element elementor-element-19074fff e-con-full e-flex e-con e-child\" data-id=\"19074fff\" data-element_type=\"container\" data-settings=\"{&quot;background_background&quot;:&quot;classic&quot;}\">\n\t\t\t\t<div class=\"elementor-element elementor-element-9423d4 ui-e-submit-align--mobile-center ui-e-submit-align--stretch elementor-invisible elementor-widget elementor-widget-uicore-contact-form\" data-id=\"9423d4\" data-element_type=\"widget\" data-settings=\"{&quot;_animation&quot;:&quot;fadeInUp&quot;}\" data-widget_type=\"uicore-contact-form.default\">\n\t\t\t\t<div class=\"elementor-widget-container\">\n\t\t\t\t\t\n        <form class=\"ui-e-form\" method=\"post\" name=\"New Form\">\n\n            <input type=\"hidden\" name=\"post_id\" value=\"819\" \/>\n            <input type=\"hidden\" name=\"widget_type\" value=\"contact-form\">\n\n            <input type=\"hidden\" name=\"required_fields_message\" value=\"Fill all required fields.\">\n\n            <div class=\"ui-e-fields-wrp\">\n\n                \n                    <div class=\"ui-e-field-type-text ui-e-field-group elementor-column ui-e-field-group-name elementor-col-50  ui-e-required\">\n                                                    <label for=\"form-field-name\" class=\"ui-e-label\">\n                                \u0130lk isim                            <\/label>\n                                                            <input size=\"1\" type=\"text\" name=\"form_fields[name]\" id=\"form-field-name\" class=\"ui-e-field  ui-e-field-textual\" placeholder=\"Eva\" required=\"required\" aria-required=\"true\">\n                                            <\/div>\n\n                \n                    <div class=\"ui-e-field-type-text ui-e-field-group elementor-column ui-e-field-group-name elementor-col-50  ui-e-required\">\n                                                    <label for=\"form-field-name\" class=\"ui-e-label\">\n                                Soyad\u0131                            <\/label>\n                                                            <input size=\"1\" type=\"text\" name=\"form_fields[name]\" id=\"form-field-name\" class=\"ui-e-field  ui-e-field-textual\" placeholder=\"Maria\" required=\"required\" aria-required=\"true\">\n                                            <\/div>\n\n                \n                    <div class=\"ui-e-field-type-email ui-e-field-group elementor-column ui-e-field-group-email elementor-col-100  ui-e-required\">\n                                                    <label for=\"form-field-email\" class=\"ui-e-label\">\n                                E-posta                            <\/label>\n                                                            <input size=\"1\" type=\"email\" name=\"form_fields[email]\" id=\"form-field-email\" class=\"ui-e-field  ui-e-field-textual\" placeholder=\"E-posta adresinizi girin\" required=\"required\" aria-required=\"true\">\n                                            <\/div>\n\n                \n                    <div class=\"ui-e-field-type-tel ui-e-field-group elementor-column ui-e-field-group- elementor-col-100  ui-e-required\">\n                                                    <label for=\"form-field-\" class=\"ui-e-label\">\n                                Telefon numaras\u0131                            <\/label>\n                                                            <input size=\"1\" type=\"tel\" name=\"form_fields[]\" id=\"form-field-\" class=\"ui-e-field  ui-e-field-textual\" placeholder=\"Telefon numaran\u0131z\u0131 girin\" required=\"required\" aria-required=\"true\">\n                                            <\/div>\n\n                \n                    <div class=\"ui-e-field-type-select ui-e-field-group elementor-column ui-e-field-group- elementor-col-100  ui-e-required\">\n                                                    <label for=\"form-field-\" class=\"ui-e-label\">\n                                Prosed\u00fcrler                            <\/label>\n                                    <div class=\"ui-e-field ui-e-field-select ui-e-field-subgroup \">\n            <select name=\"form_fields[]\" id=\"form-field-\" class=\"ui-e-field-textual\" required=\"required\" aria-required=\"true\">\n                                    <option value=\"Birini se\u00e7in\">Birini se\u00e7in<\/option>\n                                    <option value=\"Y\u00fcz Esteti\u011fi\">Y\u00fcz Esteti\u011fi<\/option>\n                                    <option value=\"V\u00fccut Esteti\u011fi\">V\u00fccut Esteti\u011fi<\/option>\n                                    <option value=\"Meme Esteti\u011fi\">Meme Esteti\u011fi<\/option>\n                                    <option value=\"Genital Estetik\">Genital Estetik<\/option>\n                            <\/select>\n        <\/div>\n                        <\/div>\n\n                \n                    <div class=\"ui-e-field-type-textarea ui-e-field-group elementor-column ui-e-field-group- elementor-col-100  ui-e-required\">\n                                                    <label for=\"form-field-\" class=\"ui-e-label\">\n                                Mesaj                            <\/label>\n                            <textarea class=\"ui-e-field \" name=\"form_fields[]\" id=\"form-field-\" rows=\"4\" placeholder=\"Mesaj\" required=\"required\" aria-required=\"true\"><\/textarea>                    <\/div>\n\n                \n                <div class=\"ui-e-field-group elementor-column ui-e-field-type-submit elementor-col-100 e-form__buttons\">\n                    <button type=\"submit\" class=\"elementor-button\">\n                        <span >\n                                                            <span class=\"\">\n                                                                                                        <\/span>\n                                                                                        <span class=\"ui-e-text\">Mesaj g\u00f6nder<\/span>\n                                                    <\/span>\n                    <\/button>\n                <\/div>\n\n            <\/div>\n\n            <div class=\"ui-e-message \">\n                            <\/div>\n        <input\n                    class=\"apbct_special_field apbct_email_id__elementor_form\"\n                    name=\"apbct__email_id__elementor_form\"\n                    aria-label=\"apbct__label_id__elementor_form\"\n                    type=\"text\" size=\"30\" maxlength=\"200\" autocomplete=\"off\"\n                    value=\"\"\n                \/><\/form>\n                <script>\n            window.ui_e_form_validation_messages = {\"required_fields\":\"Fill all required fields.\"};\n        <\/script>\n\t\t\t\t<\/div>\n\t\t\t\t<\/div>\n\t\t\t\t<\/div>\n\t\t\t\t\t<\/div>\n\t\t\t\t<\/div>\n\t\t\t\t<\/div>\n\t\t","protected":false},"excerpt":{"rendered":"<p>Bize Ula\u015f\u0131n Kendimizi, ki\u015fiselle\u015ftirilmi\u015f bir yakla\u015f\u0131mla d\u00fcnya standartlar\u0131nda estetik tedaviler sunmaya adad\u0131k. \u0130ster hayat\u0131n\u0131z\u0131 de\u011fi\u015ftirecek bir d\u00f6n\u00fc\u015f\u00fcm ister k\u00fc\u00e7\u00fck iyile\u015ftirmeler ar\u0131yor olun, yolculu\u011funuzun her ad\u0131m\u0131nda size rehberlik etmek i\u00e7in buraday\u0131z. Bug\u00fcn bir kons\u00fcltasyon rezervasyonu yapt\u0131r\u0131n ve hayalinizdeki g\u00f6r\u00fcn\u00fcme do\u011fru ilk ad\u0131m\u0131 at\u0131n! Bug\u00fcn Bize Ula\u015f\u0131n +90 532 729 87 70 <span \n                data-original-string='r9\/dqCq15r\/NdbgIt+8SqA==ed1mptvNcxNrjraaeuVPY+bGu6GnETIxith6Rr9utyyDTE='\n                class='apbct-email-encoder'\n                title='This contact has been encoded by Anti-Spam by CleanTalk. Click to decode. To finish the decoding make sure that JavaScript is enabled in your browser.'>in<span class=\"apbct-blur\">**<\/span>@<span class=\"apbct-blur\">************<\/span>er.com<\/span> Fener, Fener Cd. Fener [&hellip;]<\/p>\n","protected":false},"author":1,"featured_media":0,"parent":0,"menu_order":0,"comment_status":"closed","ping_status":"closed","template":"","meta":{"footnotes":""},"class_list":["post-819","page","type-page","status-publish","hentry"],"_links":{"self":[{"href":"https:\/\/www.drmurattuzuner.com\/tr\/wp-json\/wp\/v2\/pages\/819","targetHints":{"allow":["GET"]}}],"collection":[{"href":"https:\/\/www.drmurattuzuner.com\/tr\/wp-json\/wp\/v2\/pages"}],"about":[{"href":"https:\/\/www.drmurattuzuner.com\/tr\/wp-json\/wp\/v2\/types\/page"}],"author":[{"embeddable":true,"href":"https:\/\/www.drmurattuzuner.com\/tr\/wp-json\/wp\/v2\/users\/1"}],"replies":[{"embeddable":true,"href":"https:\/\/www.drmurattuzuner.com\/tr\/wp-json\/wp\/v2\/comments?post=819"}],"version-history":[{"count":4,"href":"https:\/\/www.drmurattuzuner.com\/tr\/wp-json\/wp\/v2\/pages\/819\/revisions"}],"predecessor-version":[{"id":962,"href":"https:\/\/www.drmurattuzuner.com\/tr\/wp-json\/wp\/v2\/pages\/819\/revisions\/962"}],"wp:attachment":[{"href":"https:\/\/www.drmurattuzuner.com\/tr\/wp-json\/wp\/v2\/media?parent=819"}],"curies":[{"name":"wp","href":"https:\/\/api.w.org\/{rel}","templated":true}]}}