{"id":818,"date":"2025-02-19T09:54:18","date_gmt":"2025-02-19T09:54:18","guid":{"rendered":"https:\/\/www.drmurattuzuner.com\/benim-hakkimda\/"},"modified":"2025-05-15T11:12:47","modified_gmt":"2025-05-15T11:12:47","slug":"benim-hakkimda","status":"publish","type":"page","link":"https:\/\/www.drmurattuzuner.com\/tr\/benim-hakkimda\/","title":{"rendered":"Benim hakk\u0131mda"},"content":{"rendered":"\t\t<div data-elementor-type=\"wp-page\" data-elementor-id=\"818\" class=\"elementor elementor-818 elementor-414\" data-elementor-settings=\"{&quot;element_pack_global_tooltip_width&quot;:{&quot;unit&quot;:&quot;px&quot;,&quot;size&quot;:&quot;&quot;,&quot;sizes&quot;:[]},&quot;element_pack_global_tooltip_width_tablet&quot;:{&quot;unit&quot;:&quot;px&quot;,&quot;size&quot;:&quot;&quot;,&quot;sizes&quot;:[]},&quot;element_pack_global_tooltip_width_mobile&quot;:{&quot;unit&quot;:&quot;px&quot;,&quot;size&quot;:&quot;&quot;,&quot;sizes&quot;:[]},&quot;element_pack_global_tooltip_padding&quot;:{&quot;unit&quot;:&quot;px&quot;,&quot;top&quot;:&quot;&quot;,&quot;right&quot;:&quot;&quot;,&quot;bottom&quot;:&quot;&quot;,&quot;left&quot;:&quot;&quot;,&quot;isLinked&quot;:true},&quot;element_pack_global_tooltip_padding_tablet&quot;:{&quot;unit&quot;:&quot;px&quot;,&quot;top&quot;:&quot;&quot;,&quot;right&quot;:&quot;&quot;,&quot;bottom&quot;:&quot;&quot;,&quot;left&quot;:&quot;&quot;,&quot;isLinked&quot;:true},&quot;element_pack_global_tooltip_padding_mobile&quot;:{&quot;unit&quot;:&quot;px&quot;,&quot;top&quot;:&quot;&quot;,&quot;right&quot;:&quot;&quot;,&quot;bottom&quot;:&quot;&quot;,&quot;left&quot;:&quot;&quot;,&quot;isLinked&quot;:true},&quot;element_pack_global_tooltip_border_radius&quot;:{&quot;unit&quot;:&quot;px&quot;,&quot;top&quot;:&quot;&quot;,&quot;right&quot;:&quot;&quot;,&quot;bottom&quot;:&quot;&quot;,&quot;left&quot;:&quot;&quot;,&quot;isLinked&quot;:true},&quot;element_pack_global_tooltip_border_radius_tablet&quot;:{&quot;unit&quot;:&quot;px&quot;,&quot;top&quot;:&quot;&quot;,&quot;right&quot;:&quot;&quot;,&quot;bottom&quot;:&quot;&quot;,&quot;left&quot;:&quot;&quot;,&quot;isLinked&quot;:true},&quot;element_pack_global_tooltip_border_radius_mobile&quot;:{&quot;unit&quot;:&quot;px&quot;,&quot;top&quot;:&quot;&quot;,&quot;right&quot;:&quot;&quot;,&quot;bottom&quot;:&quot;&quot;,&quot;left&quot;:&quot;&quot;,&quot;isLinked&quot;:true}}\">\n\t\t\t\t<div class=\"elementor-element elementor-element-0875d08 e-flex e-con-boxed e-con e-parent\" data-id=\"0875d08\" data-element_type=\"container\">\n\t\t\t\t\t<div class=\"e-con-inner\">\n\t\t<div class=\"elementor-element elementor-element-80309cc e-con-full e-flex e-con e-child\" data-id=\"80309cc\" data-element_type=\"container\">\n\t\t\t\t<div class=\"elementor-element elementor-element-02cbba3 elementor-widget elementor-widget-image\" data-id=\"02cbba3\" data-element_type=\"widget\" data-widget_type=\"image.default\">\n\t\t\t\t<div class=\"elementor-widget-container\">\n\t\t\t\t\t\t\t\t\t\t\t\t\t\t\t<img fetchpriority=\"high\" decoding=\"async\" width=\"725\" height=\"1024\" src=\"https:\/\/www.drmurattuzuner.com\/wp-content\/uploads\/2025\/02\/DSCF8234.00_00_34_05.Still001-e1739882824515-725x1024.png\" class=\"attachment-large size-large wp-image-654\" alt=\"\" srcset=\"https:\/\/www.drmurattuzuner.com\/wp-content\/uploads\/2025\/02\/DSCF8234.00_00_34_05.Still001-e1739882824515-725x1024.png 725w, https:\/\/www.drmurattuzuner.com\/wp-content\/uploads\/2025\/02\/DSCF8234.00_00_34_05.Still001-e1739882824515-212x300.png 212w, https:\/\/www.drmurattuzuner.com\/wp-content\/uploads\/2025\/02\/DSCF8234.00_00_34_05.Still001-e1739882824515-768x1085.png 768w, https:\/\/www.drmurattuzuner.com\/wp-content\/uploads\/2025\/02\/DSCF8234.00_00_34_05.Still001-e1739882824515-460x650.png 460w, https:\/\/www.drmurattuzuner.com\/wp-content\/uploads\/2025\/02\/DSCF8234.00_00_34_05.Still001-e1739882824515.png 1080w\" sizes=\"(max-width: 725px) 100vw, 725px\" \/>\t\t\t\t\t\t\t\t\t\t\t\t\t\t\t<\/div>\n\t\t\t\t<\/div>\n\t\t\t\t<\/div>\n\t\t<div class=\"elementor-element elementor-element-03bedb7 e-con-full e-flex e-con e-child\" data-id=\"03bedb7\" data-element_type=\"container\">\n\t\t\t\t<div class=\"elementor-element elementor-element-d8f9bfd elementor-widget elementor-widget-heading\" data-id=\"d8f9bfd\" data-element_type=\"widget\" data-widget_type=\"heading.default\">\n\t\t\t\t<div class=\"elementor-widget-container\">\n\t\t\t\t\t<h2 class=\"elementor-heading-title elementor-size-default\">Benim hakk\u0131mda<\/h2>\t\t\t\t<\/div>\n\t\t\t\t<\/div>\n\t\t\t\t<div class=\"elementor-element elementor-element-f51df51 elementor-widget elementor-widget-text-editor\" data-id=\"f51df51\" data-element_type=\"widget\" data-widget_type=\"text-editor.default\">\n\t\t\t\t<div class=\"elementor-widget-container\">\n\t\t\t\t\t\t\t\t\t<p>Murat T\u00fcz\u00fcner, 1996 y\u0131l\u0131nda do\u011fup b\u00fcy\u00fcd\u00fc\u011f\u00fc \u015fehir olan Antalya&#8217;da Antalya Karatay Lisesi&#8217;nden mezun oldu. T\u0131p alan\u0131na ilgi duyan Murat T\u00fcz\u00fcner, t\u0131p fak\u00fcltesinde okumaya karar verdi.<\/p><p>Gerekli s\u0131navlarda ba\u015far\u0131l\u0131 olarak Akdeniz \u00dcniversitesi T\u0131p Fak\u00fcltesi&#8217;nde t\u0131p e\u011fitimine ba\u015flad\u0131. E\u011fitimini tamamlayarak 2002 y\u0131l\u0131nda mezun oldu ve t\u0131p doktoru unvan\u0131n\u0131 ald\u0131.<\/p><p>T\u0131p Fak\u00fcltesi&#8217;ndeki e\u011fitimi s\u0131ras\u0131nda Plastik, Rekonstr\u00fcktif ve Estetik Cerrahi ile ilgilenmeye ba\u015flad\u0131 ve bu alanda e\u011fitim almaya karar verdi. TUS (T\u0131pta Uzmanl\u0131k S\u0131nav\u0131) s\u0131nav\u0131na girerek 2003 y\u0131l\u0131nda Afyon Kocatepe \u00dcniversitesi T\u0131p Fak\u00fcltesi&#8217;nde Plastik, Rekonstr\u00fcktif ve Estetik Cerrahi alan\u0131nda uzmanl\u0131k e\u011fitimine ba\u015flad\u0131. Alt\u0131 y\u0131ll\u0131k yo\u011fun e\u011fitimin ard\u0131ndan 2010 y\u0131l\u0131nda bu alanda uzman unvan\u0131n\u0131 ald\u0131.<\/p><p>Murat T\u00fcz\u00fcner, uzmanl\u0131k alan\u0131 ile ilgili bir\u00e7ok bilimsel etkinli\u011fe kat\u0131lm\u0131\u015f, bu etkinliklere katk\u0131 sa\u011flam\u0131\u015f, ulusal ve uluslararas\u0131 makalelerle literat\u00fcre katk\u0131da bulunmu\u015ftur. Op. Dr. Murat T\u00dcZ\u00dcNER mesle\u011fine ve \u00e7al\u0131\u015fmalar\u0131na Antalya&#8217;da devam etmektedir.<\/p>\t\t\t\t\t\t\t\t<\/div>\n\t\t\t\t<\/div>\n\t\t\t\t<\/div>\n\t\t\t\t\t<\/div>\n\t\t\t\t<\/div>\n\t\t<div class=\"elementor-element elementor-element-2975f560 e-flex e-con-boxed e-con e-parent\" data-id=\"2975f560\" data-element_type=\"container\">\n\t\t\t\t\t<div class=\"e-con-inner\">\n\t\t\t\t<div class=\"elementor-element elementor-element-29ee0acd elementor-widget elementor-widget-text-editor\" data-id=\"29ee0acd\" data-element_type=\"widget\" data-widget_type=\"text-editor.default\">\n\t\t\t\t<div class=\"elementor-widget-container\">\n\t\t\t\t\t\t\t\t\t<div class=\"shorts-container\"><div class=\"short-card\"><iframe src=\"https:\/\/www.youtube.com\/embed\/SmYCS7Ln0_c\" allowfullscreen><\/iframe><\/div><div class=\"short-card\"><iframe src=\"https:\/\/www.youtube.com\/embed\/BDfiHcjEby8\" allowfullscreen><\/iframe><\/div><div class=\"short-card\"><iframe src=\"https:\/\/www.youtube.com\/embed\/NqUeNS4CwXs\" allowfullscreen><\/iframe><\/div><\/div><style>.shorts-container {\n    display: flex;\n    flex-wrap: wrap;\n    justify-content: center;\n    gap: 20px;\n    padding: 20px;\n}\n\n.short-card {\n    width: 30%;\n    min-width: 300px;\n    aspect-ratio: 9 \/ 16;\n    border-radius: 10px;\n    overflow: hidden;\n    box-shadow: 0px 5px 15px rgba(0, 0, 0, 0.2);\n    transition: transform 0.3s ease-in-out;\n}\n\n.short-card:hover {\n    transform: scale(1.05);\n}\n\n.short-card iframe {\n    width: 100%;\n    height: 100%;\n    border: none;\n}\n\n@media (max-width: 768px) {\n    .shorts-container {\n        flex-direction: column;\n        align-items: center;\n    }\n\n    .short-card {\n        width: 90%;\n    }\n}\n<\/style>\t\t\t\t\t\t\t\t<\/div>\n\t\t\t\t<\/div>\n\t\t\t\t\t<\/div>\n\t\t\t\t<\/div>\n\t\t\t\t<\/div>\n\t\t","protected":false},"excerpt":{"rendered":"<p>Benim hakk\u0131mda Murat T\u00fcz\u00fcner, 1996 y\u0131l\u0131nda do\u011fup b\u00fcy\u00fcd\u00fc\u011f\u00fc \u015fehir olan Antalya&#8217;da Antalya Karatay Lisesi&#8217;nden mezun oldu. T\u0131p alan\u0131na ilgi duyan Murat T\u00fcz\u00fcner, t\u0131p fak\u00fcltesinde okumaya karar verdi. Gerekli s\u0131navlarda ba\u015far\u0131l\u0131 olarak Akdeniz \u00dcniversitesi T\u0131p Fak\u00fcltesi&#8217;nde t\u0131p e\u011fitimine ba\u015flad\u0131. E\u011fitimini tamamlayarak 2002 y\u0131l\u0131nda mezun oldu ve t\u0131p doktoru unvan\u0131n\u0131 ald\u0131. T\u0131p Fak\u00fcltesi&#8217;ndeki e\u011fitimi s\u0131ras\u0131nda Plastik, Rekonstr\u00fcktif [&hellip;]<\/p>\n","protected":false},"author":1,"featured_media":0,"parent":0,"menu_order":0,"comment_status":"closed","ping_status":"closed","template":"","meta":{"footnotes":""},"class_list":["post-818","page","type-page","status-publish","hentry"],"_links":{"self":[{"href":"https:\/\/www.drmurattuzuner.com\/tr\/wp-json\/wp\/v2\/pages\/818","targetHints":{"allow":["GET"]}}],"collection":[{"href":"https:\/\/www.drmurattuzuner.com\/tr\/wp-json\/wp\/v2\/pages"}],"about":[{"href":"https:\/\/www.drmurattuzuner.com\/tr\/wp-json\/wp\/v2\/types\/page"}],"author":[{"embeddable":true,"href":"https:\/\/www.drmurattuzuner.com\/tr\/wp-json\/wp\/v2\/users\/1"}],"replies":[{"embeddable":true,"href":"https:\/\/www.drmurattuzuner.com\/tr\/wp-json\/wp\/v2\/comments?post=818"}],"version-history":[{"count":1,"href":"https:\/\/www.drmurattuzuner.com\/tr\/wp-json\/wp\/v2\/pages\/818\/revisions"}],"predecessor-version":[{"id":821,"href":"https:\/\/www.drmurattuzuner.com\/tr\/wp-json\/wp\/v2\/pages\/818\/revisions\/821"}],"wp:attachment":[{"href":"https:\/\/www.drmurattuzuner.com\/tr\/wp-json\/wp\/v2\/media?parent=818"}],"curies":[{"name":"wp","href":"https:\/\/api.w.org\/{rel}","templated":true}]}}